{"id":11,"date":"2023-11-29T11:20:17","date_gmt":"2023-11-29T11:20:17","guid":{"rendered":"https:\/\/coccinellagialla.it\/?page_id=11"},"modified":"2023-12-21T11:07:50","modified_gmt":"2023-12-21T11:07:50","slug":"la-coccinella-gialla","status":"publish","type":"page","link":"https:\/\/coccinellagialla.it\/","title":{"rendered":"La Coccinella Gialla"},"content":{"rendered":"\t\t<div data-elementor-type=\"wp-page\" data-elementor-id=\"11\" class=\"elementor elementor-11\" data-elementor-post-type=\"page\">\n\t\t\t\t\t\t\t<div class=\"elementor-element elementor-element-741f2f46 e-flex e-con-boxed e-con e-parent\" data-id=\"741f2f46\" data-element_type=\"container\" data-settings=\"{&quot;background_background&quot;:&quot;classic&quot;,&quot;content_width&quot;:&quot;boxed&quot;}\" data-core-v316-plus=\"true\">\n\t\t\t\t\t<div class=\"e-con-inner\">\n\t\t\t\t<div class=\"elementor-element elementor-element-a8da42a animated-fast elementor-invisible elementor-widget elementor-widget-image\" data-id=\"a8da42a\" data-element_type=\"widget\" data-settings=\"{&quot;_animation&quot;:&quot;fadeInUp&quot;}\" data-widget_type=\"image.default\">\n\t\t\t\t<div class=\"elementor-widget-container\">\n\t\t\t<style>\/*! elementor - v3.17.0 - 08-11-2023 *\/\n.elementor-widget-image{text-align:center}.elementor-widget-image a{display:inline-block}.elementor-widget-image a img[src$=\".svg\"]{width:48px}.elementor-widget-image img{vertical-align:middle;display:inline-block}<\/style>\t\t\t\t\t\t\t\t\t\t\t\t<img fetchpriority=\"high\" decoding=\"async\" width=\"1063\" height=\"315\" src=\"https:\/\/coccinellagialla.it\/wp-content\/uploads\/2023\/12\/titolo.png\" class=\"attachment-full size-full wp-image-27\" alt=\"\" srcset=\"https:\/\/coccinellagialla.it\/wp-content\/uploads\/2023\/12\/titolo.png 1063w, https:\/\/coccinellagialla.it\/wp-content\/uploads\/2023\/12\/titolo-300x89.png 300w, https:\/\/coccinellagialla.it\/wp-content\/uploads\/2023\/12\/titolo-1024x303.png 1024w, https:\/\/coccinellagialla.it\/wp-content\/uploads\/2023\/12\/titolo-768x228.png 768w\" sizes=\"(max-width: 1063px) 100vw, 1063px\" \/>\t\t\t\t\t\t\t\t\t\t\t\t\t\t\t<\/div>\n\t\t\t\t<\/div>\n\t\t\t\t<div class=\"elementor-element elementor-element-6f883746 elementor-widget elementor-widget-heading\" data-id=\"6f883746\" data-element_type=\"widget\" data-widget_type=\"heading.default\">\n\t\t\t\t<div class=\"elementor-widget-container\">\n\t\t\t<style>\/*! elementor - v3.17.0 - 08-11-2023 *\/\n.elementor-heading-title{padding:0;margin:0;line-height:1}.elementor-widget-heading .elementor-heading-title[class*=elementor-size-]>a{color:inherit;font-size:inherit;line-height:inherit}.elementor-widget-heading .elementor-heading-title.elementor-size-small{font-size:15px}.elementor-widget-heading .elementor-heading-title.elementor-size-medium{font-size:19px}.elementor-widget-heading .elementor-heading-title.elementor-size-large{font-size:29px}.elementor-widget-heading .elementor-heading-title.elementor-size-xl{font-size:39px}.elementor-widget-heading .elementor-heading-title.elementor-size-xxl{font-size:59px}<\/style><h2 class=\"elementor-heading-title elementor-size-default\">Perch\u00e8 portare con noi tutti i giorni la<\/h2>\t\t<\/div>\n\t\t\t\t<\/div>\n\t\t\t\t<div class=\"elementor-element elementor-element-ea5cdc8 animated-fast elementor-invisible elementor-widget elementor-widget-image\" data-id=\"ea5cdc8\" data-element_type=\"widget\" data-settings=\"{&quot;_animation&quot;:&quot;fadeInUp&quot;,&quot;_animation_delay&quot;:800}\" data-widget_type=\"image.default\">\n\t\t\t\t<div class=\"elementor-widget-container\">\n\t\t\t\t\t\t\t\t\t\t\t\t\t\t\t<img decoding=\"async\" width=\"625\" height=\"212\" src=\"https:\/\/coccinellagialla.it\/wp-content\/uploads\/2023\/11\/coccinella_logo.png\" class=\"attachment-large size-large wp-image-13\" alt=\"\" srcset=\"https:\/\/coccinellagialla.it\/wp-content\/uploads\/2023\/11\/coccinella_logo.png 625w, https:\/\/coccinellagialla.it\/wp-content\/uploads\/2023\/11\/coccinella_logo-300x102.png 300w\" sizes=\"(max-width: 625px) 100vw, 625px\" \/>\t\t\t\t\t\t\t\t\t\t\t\t\t\t\t<\/div>\n\t\t\t\t<\/div>\n\t\t\t\t<div class=\"elementor-element elementor-element-4d2b7bcf elementor-widget elementor-widget-text-editor\" data-id=\"4d2b7bcf\" data-element_type=\"widget\" data-widget_type=\"text-editor.default\">\n\t\t\t\t<div class=\"elementor-widget-container\">\n\t\t\t<style>\/*! elementor - v3.17.0 - 08-11-2023 *\/\n.elementor-widget-text-editor.elementor-drop-cap-view-stacked .elementor-drop-cap{background-color:#69727d;color:#fff}.elementor-widget-text-editor.elementor-drop-cap-view-framed .elementor-drop-cap{color:#69727d;border:3px solid;background-color:transparent}.elementor-widget-text-editor:not(.elementor-drop-cap-view-default) .elementor-drop-cap{margin-top:8px}.elementor-widget-text-editor:not(.elementor-drop-cap-view-default) .elementor-drop-cap-letter{width:1em;height:1em}.elementor-widget-text-editor .elementor-drop-cap{float:left;text-align:center;line-height:1;font-size:50px}.elementor-widget-text-editor .elementor-drop-cap-letter{display:inline-block}<\/style>\t\t\t\t<p>La <strong>coccinella gialla<\/strong> \u00e8 un animale associato al concetto di fortuna perch\u00e9 il suo colore richiama l\u2019abbondanza e la ricchezza (non a caso il giallo \u00e8 la tinta dell\u2019oro); la <strong>coccinella gialla<\/strong>, quindi, \u00e8 di buon auspicio per tutte quelle questioni relative ai soldi e agli affari. La <strong>coccinella gialla<\/strong>, inoltre, \u00e8 anche legata alla figura della Vergine e alcune credenze ritengono che averne una potrebbe significare che una nuova vita o un nuovo amore sta per nascere.<\/p><p>Trovare questo piccolo coleottero giallo \u00e8, quindi, un evento insolito che secondo alcuni potrebbe essere legato alla voglia di rinnovamento interiore e spirituale: la coccinella gialla segna l\u2019inizio di una nuova fase ricca di opportunit\u00e0 ed \u00e8 sicuramente un ottimo presagio di fortuna.<\/p><p>La <strong>coccinella gialla<\/strong> segna l\u2019inizio di una nuova fase ricca di opportunit\u00e0 ed \u00e8 sicuramente un ottimo presagio di fortuna.<\/p>\t\t\t\t\t\t<\/div>\n\t\t\t\t<\/div>\n\t\t\t\t<div class=\"elementor-element elementor-element-2657d88 animated-fast elementor-invisible elementor-widget elementor-widget-image\" data-id=\"2657d88\" data-element_type=\"widget\" data-settings=\"{&quot;_animation&quot;:&quot;fadeInUp&quot;}\" data-widget_type=\"image.default\">\n\t\t\t\t<div class=\"elementor-widget-container\">\n\t\t\t\t\t\t\t\t\t\t\t\t\t\t\t<img decoding=\"async\" width=\"709\" height=\"738\" src=\"https:\/\/coccinellagialla.it\/wp-content\/uploads\/2023\/12\/foto_coccinella.png\" class=\"attachment-large size-large wp-image-24\" alt=\"\" srcset=\"https:\/\/coccinellagialla.it\/wp-content\/uploads\/2023\/12\/foto_coccinella.png 709w, https:\/\/coccinellagialla.it\/wp-content\/uploads\/2023\/12\/foto_coccinella-288x300.png 288w\" sizes=\"(max-width: 709px) 100vw, 709px\" \/>\t\t\t\t\t\t\t\t\t\t\t\t\t\t\t<\/div>\n\t\t\t\t<\/div>\n\t\t\t\t\t<\/div>\n\t\t\t\t<\/div>\n\t\t\t\t\t\t\t<\/div>\n\t\t","protected":false},"excerpt":{"rendered":"<p>Perch\u00e8 portare con noi tutti i giorni la La coccinella gialla \u00e8 un animale associato al concetto di fortuna perch\u00e9 il suo colore richiama l\u2019abbondanza e la ricchezza (non a caso il giallo \u00e8 la tinta dell\u2019oro); la coccinella gialla, quindi, \u00e8 di buon auspicio per tutte quelle questioni relative ai soldi e agli affari. [&hellip;]<\/p>\n","protected":false},"author":1,"featured_media":0,"parent":0,"menu_order":0,"comment_status":"closed","ping_status":"closed","template":"elementor_canvas","meta":{"footnotes":""},"class_list":["post-11","page","type-page","status-publish","hentry"],"_links":{"self":[{"href":"https:\/\/coccinellagialla.it\/index.php?rest_route=\/wp\/v2\/pages\/11","targetHints":{"allow":["GET"]}}],"collection":[{"href":"https:\/\/coccinellagialla.it\/index.php?rest_route=\/wp\/v2\/pages"}],"about":[{"href":"https:\/\/coccinellagialla.it\/index.php?rest_route=\/wp\/v2\/types\/page"}],"author":[{"embeddable":true,"href":"https:\/\/coccinellagialla.it\/index.php?rest_route=\/wp\/v2\/users\/1"}],"replies":[{"embeddable":true,"href":"https:\/\/coccinellagialla.it\/index.php?rest_route=%2Fwp%2Fv2%2Fcomments&post=11"}],"version-history":[{"count":19,"href":"https:\/\/coccinellagialla.it\/index.php?rest_route=\/wp\/v2\/pages\/11\/revisions"}],"predecessor-version":[{"id":42,"href":"https:\/\/coccinellagialla.it\/index.php?rest_route=\/wp\/v2\/pages\/11\/revisions\/42"}],"wp:attachment":[{"href":"https:\/\/coccinellagialla.it\/index.php?rest_route=%2Fwp%2Fv2%2Fmedia&parent=11"}],"curies":[{"name":"wp","href":"https:\/\/api.w.org\/{rel}","templated":true}]}}